{"id":210,"date":"2023-10-30T17:03:34","date_gmt":"2023-10-30T15:03:34","guid":{"rendered":"https:\/\/www.pemira.fi\/?page_id=210"},"modified":"2023-10-30T19:03:10","modified_gmt":"2023-10-30T17:03:10","slug":"kevatlaaksontie-41-porvoo","status":"publish","type":"page","link":"https:\/\/www.pemira.fi\/?page_id=210","title":{"rendered":"Kev\u00e4tlaaksontie 41, Porvoo"},"content":{"rendered":"<p>[et_pb_section fb_built=&#8221;1&#8243; _builder_version=&#8221;4.23&#8243; _module_preset=&#8221;default&#8221; background_enable_mask_style=&#8221;on&#8221; background_mask_style=&#8221;triangles&#8221; background_mask_color=&#8221;#67eac0&#8243; background_mask_transform=&#8221;invert&#8221; locked=&#8221;off&#8221; global_colors_info=&#8221;{}&#8221;][et_pb_row column_structure=&#8221;2_5,3_5&#8243; _builder_version=&#8221;4.19.0&#8243; _module_preset=&#8221;default&#8221; global_colors_info=&#8221;{}&#8221;][et_pb_column type=&#8221;2_5&#8243; _builder_version=&#8221;4.19.0&#8243; _module_preset=&#8221;default&#8221; global_colors_info=&#8221;{}&#8221;][et_pb_blurb title=&#8221;Kev\u00e4tlaaksontie 41, 06150 Porvoo&#8221; use_icon=&#8221;on&#8221; font_icon=&#8221;&#xe01d;||divi||400&#8243; _builder_version=&#8221;4.23&#8243; _module_preset=&#8221;default&#8221; animation_style=&#8221;fade&#8221; global_colors_info=&#8221;{}&#8221;]<\/p>\n<p>&nbsp;<\/p>\n<p>Porvoon Kev\u00e4tlaaksoon suunnitteilla oleva paritalo.<\/p>\n<p>Paritalo asunnon huoneistoala 80m2 + 8,5m2 ulkovarasto + 4m2 tekninen tila + autokatos.<\/p>\n<p>Alakerrassa eteinen, kodinhoitohuone\/pesuhuone, sauna, keitti\u00f6 sek\u00e4 olohuone. Yl\u00e4kerrassa pieni aulatila sek\u00e4 3 huonetta &amp; erillis-wc.<\/p>\n<p>Olohuoneessa korkea huonetila yl\u00f6s 2.krs asti sek\u00e4 kulku takapihan terassille jossa on oma piha-alue.<\/p>\n<p>L\u00e4mmitysmuotona edullinen kaukol\u00e4mp\u00f6 (vesikiertoinen lattial\u00e4mmitys). Kuituliittym\u00e4 vedet\u00e4\u00e4n talolle joka mahdollistaa huippunopean internetin sek\u00e4 kaapeli-TV:n.<\/p>\n<p>Her\u00e4sik\u00f6 kysymyksi\u00e4? Ole rohkeasti yhteydess\u00e4!<\/p>\n<p>&nbsp;<\/p>\n<p>&nbsp;<\/p>\n<p>&nbsp;<\/p>\n<p>[\/et_pb_blurb][\/et_pb_column][et_pb_column type=&#8221;3_5&#8243; _builder_version=&#8221;4.19.0&#8243; _module_preset=&#8221;default&#8221; global_colors_info=&#8221;{}&#8221;][et_pb_gallery gallery_ids=&#8221;182,179,180&#8243; fullwidth=&#8221;on&#8221; _builder_version=&#8221;4.23&#8243; _module_preset=&#8221;default&#8221; global_colors_info=&#8221;{}&#8221;][\/et_pb_gallery][et_pb_button button_url=&#8221;https:\/\/www.google.com\/maps\/place\/Kev%C3%A4tlaaksontie+41,+06150+Porvoo\/@60.3833263,25.7142797,17z\/data=!3m1!4b1!4m5!3m4!1s0x4691f44e05a47377:0xe6acd6d96f085e0b!8m2!3d60.3833263!4d25.7142797?entry=ttu&#8221; url_new_window=&#8221;on&#8221; button_text=&#8221;KARTTALINKKIIN T\u00c4ST\u00c4!&#8221; button_alignment=&#8221;center&#8221; _builder_version=&#8221;4.23&#8243; _module_preset=&#8221;default&#8221; animation_style=&#8221;fade&#8221; global_colors_info=&#8221;{}&#8221;][\/et_pb_button][\/et_pb_column][\/et_pb_row][\/et_pb_section]<\/p>\n","protected":false},"excerpt":{"rendered":"<p>&nbsp; Porvoon Kev\u00e4tlaaksoon suunnitteilla oleva paritalo. Paritalo asunnon huoneistoala 80m2 + 8,5m2 ulkovarasto + 4m2 tekninen tila + autokatos. Alakerrassa eteinen, kodinhoitohuone\/pesuhuone, sauna, keitti\u00f6 sek\u00e4 olohuone. Yl\u00e4kerrassa pieni aulatila sek\u00e4 3 huonetta &amp; erillis-wc. Olohuoneessa korkea huonetila yl\u00f6s 2.krs asti sek\u00e4 kulku takapihan terassille jossa on oma piha-alue. L\u00e4mmitysmuotona edullinen kaukol\u00e4mp\u00f6 (vesikiertoinen lattial\u00e4mmitys). Kuituliittym\u00e4 vedet\u00e4\u00e4n [&hellip;]<\/p>\n","protected":false},"author":1,"featured_media":0,"parent":0,"menu_order":0,"comment_status":"closed","ping_status":"closed","template":"","meta":{"_et_pb_use_builder":"on","_et_pb_old_content":"","_et_gb_content_width":"","footnotes":""},"class_list":["post-210","page","type-page","status-publish","hentry"],"_links":{"self":[{"href":"https:\/\/www.pemira.fi\/index.php?rest_route=\/wp\/v2\/pages\/210","targetHints":{"allow":["GET"]}}],"collection":[{"href":"https:\/\/www.pemira.fi\/index.php?rest_route=\/wp\/v2\/pages"}],"about":[{"href":"https:\/\/www.pemira.fi\/index.php?rest_route=\/wp\/v2\/types\/page"}],"author":[{"embeddable":true,"href":"https:\/\/www.pemira.fi\/index.php?rest_route=\/wp\/v2\/users\/1"}],"replies":[{"embeddable":true,"href":"https:\/\/www.pemira.fi\/index.php?rest_route=%2Fwp%2Fv2%2Fcomments&post=210"}],"version-history":[{"count":7,"href":"https:\/\/www.pemira.fi\/index.php?rest_route=\/wp\/v2\/pages\/210\/revisions"}],"predecessor-version":[{"id":249,"href":"https:\/\/www.pemira.fi\/index.php?rest_route=\/wp\/v2\/pages\/210\/revisions\/249"}],"wp:attachment":[{"href":"https:\/\/www.pemira.fi\/index.php?rest_route=%2Fwp%2Fv2%2Fmedia&parent=210"}],"curies":[{"name":"wp","href":"https:\/\/api.w.org\/{rel}","templated":true}]}}