{"id":133,"date":"2022-11-05T19:51:00","date_gmt":"2022-11-05T17:51:00","guid":{"rendered":"http:\/\/www.pemira.fi\/?page_id=133"},"modified":"2024-02-27T21:01:12","modified_gmt":"2024-02-27T19:01:12","slug":"tarkmansintie-10-porvoo","status":"publish","type":"page","link":"https:\/\/www.pemira.fi\/?page_id=133","title":{"rendered":"Tarkmansintie 10, Porvoo"},"content":{"rendered":"<p>[et_pb_section fb_built=&#8221;1&#8243; _builder_version=&#8221;4.23&#8243; _module_preset=&#8221;default&#8221; background_enable_mask_style=&#8221;on&#8221; background_mask_style=&#8221;triangles&#8221; background_mask_color=&#8221;#67eac0&#8243; background_mask_transform=&#8221;invert&#8221; global_colors_info=&#8221;{}&#8221;][et_pb_row column_structure=&#8221;1_2,1_2&#8243; _builder_version=&#8221;4.19.0&#8243; _module_preset=&#8221;default&#8221; width=&#8221;74.8%&#8221; global_colors_info=&#8221;{}&#8221;][et_pb_column type=&#8221;1_2&#8243; _builder_version=&#8221;4.19.0&#8243; _module_preset=&#8221;default&#8221; global_colors_info=&#8221;{}&#8221;][et_pb_blurb title=&#8221;Tarkmansintie 10, 06150 Porvoo&#8221; use_icon=&#8221;on&#8221; font_icon=&#8221;&#xe01d;||divi||400&#8243; _builder_version=&#8221;4.19.0&#8243; _module_preset=&#8221;default&#8221; animation_style=&#8221;fade&#8221; global_colors_info=&#8221;{}&#8221;]<\/p>\n<p>&nbsp;<\/p>\n<p>Porvoon Toukovuoreen 09\/2023 valmistunut paritalo. Loppukatselmoitu.<\/p>\n<p>107 m\u00b2 paritaloasunnossa alakerrassa on kaksi makuuhuonetta, tekninen\/siivoushuone, vaatehuone, sauna, kylpyhuone, erillinen wc, eteinen ja terassi etel\u00e4-kaakkoon. Yl\u00e4kerrassa on makuuhuone, keitti\u00f6, olohuone, vaatehuone, erillinen wc ja parveke etel\u00e4\u00e4n.<\/p>\n<p class=\"paragraph paragraph--keep-formatting margined margined--v20\">Kummallakin asunnolla on kaksi autopaikkaa. Toinen on autokatoksessa ja toinen on yhteisell\u00e4 piha-alueella. Autokatoksen p\u00e4\u00e4dyss\u00e4 on kummallekin omat l\u00e4mpim\u00e4t\u00a0 ulkovarastot.<\/p>\n<p class=\"paragraph paragraph--keep-formatting margined margined--v20\">L\u00e4mmitysmuotona kaukol\u00e4mp\u00f6 (vesikiertoinen lattial\u00e4mmitys). Kuitukaapeliliittym\u00e4 rakennettu asunnoille (internet+kaapeli-TV).<\/p>\n<p class=\"paragraph paragraph--keep-formatting margined margined--v20\">\n<p class=\"paragraph paragraph--keep-formatting margined margined--v20\">Asunto B myyty!<\/p>\n<p class=\"paragraph paragraph--keep-formatting margined margined--v20\">\n<p>[\/et_pb_blurb][et_pb_button button_url=&#8221;https:\/\/www.etuovi.com\/kohde\/21637715&#8243; url_new_window=&#8221;on&#8221; button_text=&#8221;MYYNTI-ILMOITUKSEEN asunto A&#8221; _builder_version=&#8221;4.23&#8243; _module_preset=&#8221;default&#8221; global_colors_info=&#8221;{}&#8221;][\/et_pb_button][\/et_pb_column][et_pb_column type=&#8221;1_2&#8243; _builder_version=&#8221;4.19.0&#8243; _module_preset=&#8221;default&#8221; global_colors_info=&#8221;{}&#8221;][et_pb_gallery gallery_ids=&#8221;162,163,165,164,166,167,155,154,157,156,160,161,158,159,168&#8243; posts_number=&#8221;15&#8243; show_title_and_caption=&#8221;off&#8221; _builder_version=&#8221;4.19.0&#8243; _module_preset=&#8221;default&#8221; width=&#8221;100%&#8221; max_width=&#8221;100%&#8221; max_width_tablet=&#8221;100%&#8221; max_width_phone=&#8221;100%&#8221; max_width_last_edited=&#8221;on|desktop&#8221; min_height=&#8221;1000px&#8221; height=&#8221;1000px&#8221; animation_style=&#8221;fade&#8221; global_colors_info=&#8221;{}&#8221;][\/et_pb_gallery][\/et_pb_column][\/et_pb_row][\/et_pb_section]<\/p>\n","protected":false},"excerpt":{"rendered":"<p>&nbsp; Porvoon Toukovuoreen 09\/2023 valmistunut paritalo. Loppukatselmoitu. 107 m\u00b2 paritaloasunnossa alakerrassa on kaksi makuuhuonetta, tekninen\/siivoushuone, vaatehuone, sauna, kylpyhuone, erillinen wc, eteinen ja terassi etel\u00e4-kaakkoon. Yl\u00e4kerrassa on makuuhuone, keitti\u00f6, olohuone, vaatehuone, erillinen wc ja parveke etel\u00e4\u00e4n. Kummallakin asunnolla on kaksi autopaikkaa. Toinen on autokatoksessa ja toinen on yhteisell\u00e4 piha-alueella. Autokatoksen p\u00e4\u00e4dyss\u00e4 on kummallekin omat l\u00e4mpim\u00e4t\u00a0 ulkovarastot. [&hellip;]<\/p>\n","protected":false},"author":1,"featured_media":0,"parent":0,"menu_order":0,"comment_status":"closed","ping_status":"closed","template":"","meta":{"_et_pb_use_builder":"on","_et_pb_old_content":"","_et_gb_content_width":"","footnotes":""},"class_list":["post-133","page","type-page","status-publish","hentry"],"_links":{"self":[{"href":"https:\/\/www.pemira.fi\/index.php?rest_route=\/wp\/v2\/pages\/133","targetHints":{"allow":["GET"]}}],"collection":[{"href":"https:\/\/www.pemira.fi\/index.php?rest_route=\/wp\/v2\/pages"}],"about":[{"href":"https:\/\/www.pemira.fi\/index.php?rest_route=\/wp\/v2\/types\/page"}],"author":[{"embeddable":true,"href":"https:\/\/www.pemira.fi\/index.php?rest_route=\/wp\/v2\/users\/1"}],"replies":[{"embeddable":true,"href":"https:\/\/www.pemira.fi\/index.php?rest_route=%2Fwp%2Fv2%2Fcomments&post=133"}],"version-history":[{"count":12,"href":"https:\/\/www.pemira.fi\/index.php?rest_route=\/wp\/v2\/pages\/133\/revisions"}],"predecessor-version":[{"id":273,"href":"https:\/\/www.pemira.fi\/index.php?rest_route=\/wp\/v2\/pages\/133\/revisions\/273"}],"wp:attachment":[{"href":"https:\/\/www.pemira.fi\/index.php?rest_route=%2Fwp%2Fv2%2Fmedia&parent=133"}],"curies":[{"name":"wp","href":"https:\/\/api.w.org\/{rel}","templated":true}]}}