{"id":114,"date":"2022-11-05T19:00:12","date_gmt":"2022-11-05T17:00:12","guid":{"rendered":"http:\/\/www.pemira.fi\/?page_id=114"},"modified":"2024-07-05T11:47:57","modified_gmt":"2024-07-05T08:47:57","slug":"kohteet","status":"publish","type":"page","link":"https:\/\/www.pemira.fi\/?page_id=114","title":{"rendered":"Kohteet"},"content":{"rendered":"<p>[et_pb_section fb_built=&#8221;1&#8243; _builder_version=&#8221;4.23&#8243; _module_preset=&#8221;default&#8221; background_enable_mask_style=&#8221;on&#8221; background_mask_style=&#8221;triangles&#8221; background_mask_color=&#8221;#67eac0&#8243; background_mask_transform=&#8221;invert&#8221; global_colors_info=&#8221;{}&#8221;][et_pb_row column_structure=&#8221;1_3,1_3,1_3&#8243; _builder_version=&#8221;4.19.0&#8243; _module_preset=&#8221;default&#8221; width=&#8221;78.6%&#8221; global_colors_info=&#8221;{}&#8221;][et_pb_column type=&#8221;1_3&#8243; _builder_version=&#8221;4.19.0&#8243; _module_preset=&#8221;default&#8221; global_colors_info=&#8221;{}&#8221;][et_pb_blurb title=&#8221;Suunnitteilla olevat kohteet&#8221; image=&#8221;https:\/\/www.pemira.fi\/wp-content\/uploads\/2022\/11\/20160809_193239-scaled.jpg&#8221; _builder_version=&#8221;4.23&#8243; _module_preset=&#8221;default&#8221; global_colors_info=&#8221;{}&#8221;]<\/p>\n<p>Tulevaisuudessa siint\u00e4\u00e4 t\u00e4ll\u00e4 hetkell\u00e4 kolme eri kohdetta;<\/p>\n<p>&#8211; Kev\u00e4tlaaksontie 41, Kev\u00e4tlaakso, Porvoo.\u00a0 \u00a0 \u00a0 \u00a0 Paritalo + autokatos. Rakennuslupa olemassa. Lis\u00e4tietoja alasvetovalikosta. Aloitus arvio 24\/25.<\/p>\n<p>&#8211; Uljaksentie 7, Toukovuori, Porvoo.\u00a0 \u00a0 \u00a0 \u00a0 \u00a0 \u00a0 Paritalo + erillistalo. Lis\u00e4\u00e4 kohteesta my\u00f6hemmin.<\/p>\n<p>&#8211; Lilldungenkuja 2, L\u00e4nsi-Haikkoo, Porvoo. Kohde suunnittelup\u00f6yd\u00e4ll\u00e4.<\/p>\n<p>&nbsp;<\/p>\n<p>[\/et_pb_blurb][\/et_pb_column][et_pb_column type=&#8221;1_3&#8243; _builder_version=&#8221;4.19.0&#8243; _module_preset=&#8221;default&#8221; global_colors_info=&#8221;{}&#8221;][et_pb_blurb title=&#8221;Rakenteilla olevat kohteet&#8221; image=&#8221;https:\/\/www.pemira.fi\/wp-content\/uploads\/2023\/10\/200844324-e1698856295288.jpg&#8221; _builder_version=&#8221;4.23&#8243; _module_preset=&#8221;default&#8221; global_colors_info=&#8221;{}&#8221;]<\/p>\n<p>Kev\u00e4tlaaksontie 39 paritalon rakennusty\u00f6t aloitettu hein\u00e4kuun alussa 2024. Perustukset valetaan hein\u00e4kuun puolenv\u00e4lin tienoilla. Arvioitu valmistuminen 03-04\/2025.<\/p>\n<p>[\/et_pb_blurb][\/et_pb_column][et_pb_column type=&#8221;1_3&#8243; _builder_version=&#8221;4.19.0&#8243; _module_preset=&#8221;default&#8221; global_colors_info=&#8221;{}&#8221;][et_pb_blurb title=&#8221;Valmistuneet kohteet&#8221; image=&#8221;https:\/\/www.pemira.fi\/wp-content\/uploads\/2023\/10\/Tarkmansintie-36-scaled.jpg&#8221; _builder_version=&#8221;4.23&#8243; _module_preset=&#8221;default&#8221; global_colors_info=&#8221;{}&#8221;]<\/p>\n<p>Kohde valmistunut 09\/2023 Porvoon Toukovuoreen Tarkmansintielle.<\/p>\n<p>Asunto 10A viel\u00e4 vapaana!<\/p>\n<p>Ks kohde &#8217;Kohteet&#8217; alasvetovalikon alta.<\/p>\n<p>[\/et_pb_blurb][\/et_pb_column][\/et_pb_row][\/et_pb_section]<\/p>\n","protected":false},"excerpt":{"rendered":"<p>Tulevaisuudessa siint\u00e4\u00e4 t\u00e4ll\u00e4 hetkell\u00e4 kolme eri kohdetta; &#8211; Kev\u00e4tlaaksontie 41, Kev\u00e4tlaakso, Porvoo.\u00a0 \u00a0 \u00a0 \u00a0 Paritalo + autokatos. Rakennuslupa olemassa. Lis\u00e4tietoja alasvetovalikosta. Aloitus arvio 24\/25. &#8211; Uljaksentie 7, Toukovuori, Porvoo.\u00a0 \u00a0 \u00a0 \u00a0 \u00a0 \u00a0 Paritalo + erillistalo. Lis\u00e4\u00e4 kohteesta my\u00f6hemmin. &#8211; Lilldungenkuja 2, L\u00e4nsi-Haikkoo, Porvoo. Kohde suunnittelup\u00f6yd\u00e4ll\u00e4. &nbsp;Kev\u00e4tlaaksontie 39 paritalon rakennusty\u00f6t aloitettu hein\u00e4kuun alussa [&hellip;]<\/p>\n","protected":false},"author":1,"featured_media":0,"parent":0,"menu_order":0,"comment_status":"closed","ping_status":"closed","template":"","meta":{"_et_pb_use_builder":"on","_et_pb_old_content":"","_et_gb_content_width":"","footnotes":""},"class_list":["post-114","page","type-page","status-publish","hentry"],"_links":{"self":[{"href":"https:\/\/www.pemira.fi\/index.php?rest_route=\/wp\/v2\/pages\/114","targetHints":{"allow":["GET"]}}],"collection":[{"href":"https:\/\/www.pemira.fi\/index.php?rest_route=\/wp\/v2\/pages"}],"about":[{"href":"https:\/\/www.pemira.fi\/index.php?rest_route=\/wp\/v2\/types\/page"}],"author":[{"embeddable":true,"href":"https:\/\/www.pemira.fi\/index.php?rest_route=\/wp\/v2\/users\/1"}],"replies":[{"embeddable":true,"href":"https:\/\/www.pemira.fi\/index.php?rest_route=%2Fwp%2Fv2%2Fcomments&post=114"}],"version-history":[{"count":9,"href":"https:\/\/www.pemira.fi\/index.php?rest_route=\/wp\/v2\/pages\/114\/revisions"}],"predecessor-version":[{"id":285,"href":"https:\/\/www.pemira.fi\/index.php?rest_route=\/wp\/v2\/pages\/114\/revisions\/285"}],"wp:attachment":[{"href":"https:\/\/www.pemira.fi\/index.php?rest_route=%2Fwp%2Fv2%2Fmedia&parent=114"}],"curies":[{"name":"wp","href":"https:\/\/api.w.org\/{rel}","templated":true}]}}